{"id":579,"date":"2014-01-14T22:59:28","date_gmt":"2014-01-14T22:59:28","guid":{"rendered":"https:\/\/keypack.com.mx\/?page_id=579"},"modified":"2014-04-28T15:53:40","modified_gmt":"2014-04-28T15:53:40","slug":"paquete-basico","status":"publish","type":"page","link":"https:\/\/keypack.com.mx\/?page_id=579","title":{"rendered":"Paquete B\u00e1sico"},"content":{"rendered":"<div class=\"table-box-container\">\n<ul class=\"table_header\">\n<li class=\"one\">\n<h1 class=\"title-box\">Especificaciones del paquete<\/h1>\n<\/li>\n<li class=\"two\">\n<h1 class=\"title-box\">Costos<\/h1>\n<\/li>\n<\/ul>\n<ul class=\"table_header\">\n<li class=\"one\">\n<div class=\"price-text\" style=\"text-align: left;\"><\/div>\n<\/li>\n<li class=\"two\">\n<div class=\"price-text\"><span class=\"currency\">$<\/span><span class=\"price\">4000<\/span><\/div>\n<\/li>\n<\/ul>\n<ul class=\"tbl-odd\">\n<li class=\"one\"><span class=\"arr\">Chequeo y diagn\u00f3stico de tu situacion de tu P\u00e1gina actual*<\/span><\/li>\n<li class=\"two\"><img decoding=\"async\" alt=\"\" src=\"http:\/\/demoimages.templatesquare.com\/img-wordpress-quickhost\/icons\/arrow_check.png\" \/><\/li>\n<\/ul>\n<ul class=\"tbl-even\">\n<li class=\"one\"><span class=\"arr\">Dominio <\/span><\/li>\n<li class=\"two\"><img decoding=\"async\" alt=\"\" src=\"http:\/\/demoimages.templatesquare.com\/img-wordpress-quickhost\/icons\/arrow_check.png\" \/><\/li>\n<\/ul>\n<ul class=\"tbl-odd\">\n<li class=\"one\"><span class=\"arr\">Hosteo<\/span><\/li>\n<li class=\"two\"><img decoding=\"async\" alt=\"\" src=\"http:\/\/demoimages.templatesquare.com\/img-wordpress-quickhost\/icons\/arrow_check.png\" \/><\/li>\n<\/ul>\n<ul class=\"tbl-even\">\n<li class=\"one\"><span class=\"arr\">Mantenimiento <\/span><\/li>\n<li class=\"two\"><img decoding=\"async\" alt=\"\" src=\"http:\/\/demoimages.templatesquare.com\/img-wordpress-quickhost\/icons\/arrow_check.png\" \/><\/li>\n<\/ul>\n<ul class=\"tbl-odd\">\n<li class=\"one\"><span class=\"arr\">Soporte <\/span><\/li>\n<li class=\"two\"><img decoding=\"async\" alt=\"\" src=\"http:\/\/demoimages.templatesquare.com\/img-wordpress-quickhost\/icons\/arrow_check.png\" \/><\/li>\n<\/ul>\n<ul class=\"tbl-even\">\n<li class=\"one\"><span class=\"arr\">Aviso de Privacidad<\/span><\/li>\n<li class=\"two\"><img decoding=\"async\" alt=\"\" src=\"http:\/\/demoimages.templatesquare.com\/img-wordpress-quickhost\/icons\/arrow_check.png\" \/><\/li>\n<\/ul>\n<ul class=\"tbl-odd\">\n<li class=\"one\"><span class=\"arr\">Funcionalidad para\u00a0 datos de contacto por correo<\/span><\/li>\n<li class=\"two\"><img decoding=\"async\" alt=\"\" src=\"http:\/\/demoimages.templatesquare.com\/img-wordpress-quickhost\/icons\/x.png\" \/><\/li>\n<\/ul>\n<ul class=\"tbl-odd\">\n<li class=\"one\"><span class=\"arr\">Niveles de Paginas de Informaci\u00f3n <\/span><\/li>\n<li class=\"two\"><span>1<\/span><\/li>\n<\/ul>\n<ul class=\"tbl-odd\">\n<li class=\"one\"><span class=\"arr\">Cambios en el contenido<\/span><\/li>\n<li class=\"two\"><span>1<\/span><\/li>\n<\/ul>\n<ul class=\"tbl-odd\">\n<li class=\"one\"><span class=\"arr\">Correo<\/span><\/li>\n<li class=\"two\"><span>1<\/span><\/li>\n<\/ul>\n<ul class=\"tbl-odd\">\n<li class=\"one\"><span class=\"arr\">Configuraci\u00f3n local en tu outlook<\/span><\/li>\n<li class=\"two\"><img decoding=\"async\" alt=\"\" src=\"http:\/\/demoimages.templatesquare.com\/img-wordpress-quickhost\/icons\/x.png\" \/><\/li>\n<\/ul>\n<ul class=\"tbl-odd\">\n<li class=\"one\"><span class=\"arr\">Dise\u00f1o de Campa\u00f1as en FB \/ Twitter<\/span><\/li>\n<li class=\"two\"><img decoding=\"async\" alt=\"\" src=\"http:\/\/demoimages.templatesquare.com\/img-wordpress-quickhost\/icons\/x.png\" \/><\/li>\n<\/ul>\n<p>&nbsp;<\/p>\n<\/div>\n<table>\n<tbody>\n<tr>\n<td style=\"text-align: justify;\">Extras que puedes escoger (pregunta por nuestros costos):<br \/>\n\u2022 Dise\u00f1o de tu Logotipo<br \/>\n\u2022 Asesoria para facturaci\u00f3n electr\u00f3nica<br \/>\n\u2022 Dise\u00f1o de Procesos comerciales de tu empresa<br \/>\n\u2022 Version Comercial en PDF<br \/>\n\u2022 Transaccionalidad(Ejemplo: e-commerce,tienda virtual<br \/>\ny mas\u2026 pregunta por nuestra soluciones Empresariales<br \/>\n*En caso de p\u00e1ginas ya existentes, los costos son variables para regularizaci\u00f3n .. Pregunta a nuestro asesor.<br \/>\n**Para cualquier paquete el costo posterior al primer a\u00f1o, solo se limita al pago de hosting, dominio y cuentas de correo que son aproximadamente 2000 pesos en 2014<\/td>\n<\/tr>\n<\/tbody>\n<\/table>\n","protected":false},"excerpt":{"rendered":"<p>Especificaciones del paquete Costos $4000 Chequeo y diagn\u00f3stico de tu situacion de tu P\u00e1gina actual* Dominio Hosteo Mantenimiento Soporte Aviso de Privacidad Funcionalidad para\u00a0 datos de contacto por correo Niveles de Paginas de Informaci\u00f3n 1 Cambios en el contenido 1 Correo 1 Configuraci\u00f3n local en tu outlook Dise\u00f1o de Campa\u00f1as en FB \/ Twitter &nbsp; [&hellip;]<\/p>\n","protected":false},"author":2,"featured_media":0,"parent":0,"menu_order":0,"comment_status":"open","ping_status":"open","template":"page-nosidebar.php","meta":{"footnotes":""},"class_list":["post-579","page","type-page","status-publish","hentry"],"_links":{"self":[{"href":"https:\/\/keypack.com.mx\/index.php?rest_route=\/wp\/v2\/pages\/579","targetHints":{"allow":["GET"]}}],"collection":[{"href":"https:\/\/keypack.com.mx\/index.php?rest_route=\/wp\/v2\/pages"}],"about":[{"href":"https:\/\/keypack.com.mx\/index.php?rest_route=\/wp\/v2\/types\/page"}],"author":[{"embeddable":true,"href":"https:\/\/keypack.com.mx\/index.php?rest_route=\/wp\/v2\/users\/2"}],"replies":[{"embeddable":true,"href":"https:\/\/keypack.com.mx\/index.php?rest_route=%2Fwp%2Fv2%2Fcomments&post=579"}],"version-history":[{"count":21,"href":"https:\/\/keypack.com.mx\/index.php?rest_route=\/wp\/v2\/pages\/579\/revisions"}],"predecessor-version":[{"id":912,"href":"https:\/\/keypack.com.mx\/index.php?rest_route=\/wp\/v2\/pages\/579\/revisions\/912"}],"wp:attachment":[{"href":"https:\/\/keypack.com.mx\/index.php?rest_route=%2Fwp%2Fv2%2Fmedia&parent=579"}],"curies":[{"name":"wp","href":"https:\/\/api.w.org\/{rel}","templated":true}]}}