{"id":492,"date":"2014-01-14T19:33:57","date_gmt":"2014-01-14T19:33:57","guid":{"rendered":"https:\/\/keypack.com.mx\/?page_id=492"},"modified":"2014-04-28T19:14:32","modified_gmt":"2014-04-28T19:14:32","slug":"home","status":"publish","type":"page","link":"https:\/\/keypack.com.mx\/","title":{"rendered":"HOME"},"content":{"rendered":"<h2><\/h2>\n<h2>Creamos paquetes tecnol\u00f3gicos y administrativos a la medida de tus necesidades para que no tengas que preocuparte por nada<\/h2>\n<div class=\"table-box-container\">\n<ul class=\"table_header\">\n<li class=\"one\">\n<h1 class=\"title-box\">Nuestros paquetes<\/h1>\n<\/li>\n<li class=\"two\">\n<h1 class=\"title-box\">Paquete B\u00e1sico<\/h1>\n<\/li>\n<li class=\"three\">\n<h1 class=\"title-box\">Paquete Plus<\/h1>\n<\/li>\n<li class=\"four\">\n<h1 class=\"title-box\">Paquete Premium<\/h1>\n<\/li>\n<\/ul>\n<ul class=\"table_header\">\n<li class=\"one\">\n<div class=\"price-text\"><\/div>\n<\/li>\n<li class=\"two\">\n<div class=\"price-text\"><span class=\"currency\">$<\/span><span class=\"price\">4000<span><br \/>\n<\/span><\/span><\/div>\n<\/li>\n<li class=\"three\">\n<div class=\"price-text\"><span class=\"currency\">$<\/span><span class=\"price\">6000<span><br \/>\n<\/span><\/span><\/div>\n<\/li>\n<li class=\"four\">\n<div class=\"price-text\"><span class=\"currency\">$<\/span><span class=\"price\">8000<span><br \/>\n<\/span><\/span><\/div>\n<\/li>\n<\/ul>\n<ul class=\"tbl-odd\">\n<li class=\"one\"><span class=\"arr\">Correo<\/span><\/li>\n<li class=\"two\"><img decoding=\"async\" alt=\"\" src=\"http:\/\/demoimages.templatesquare.com\/img-wordpress-quickhost\/icons\/arrow_check.png\" \/><\/li>\n<li class=\"three\"><img decoding=\"async\" alt=\"\" src=\"http:\/\/demoimages.templatesquare.com\/img-wordpress-quickhost\/icons\/arrow_check.png\" \/><\/li>\n<li class=\"four\"><img decoding=\"async\" alt=\"\" src=\"http:\/\/demoimages.templatesquare.com\/img-wordpress-quickhost\/icons\/arrow_check.png\" \/><\/li>\n<\/ul>\n<ul class=\"tbl-even\">\n<li class=\"one\"><span class=\"arr\">Configuraci\u00f3n local en outlook<br \/>\n<\/span><\/li>\n<li class=\"two\"><img decoding=\"async\" alt=\"\" src=\"http:\/\/demoimages.templatesquare.com\/img-wordpress-quickhost\/icons\/x.png\" \/><\/li>\n<li class=\"three\"><img decoding=\"async\" alt=\"\" src=\"http:\/\/demoimages.templatesquare.com\/img-wordpress-quickhost\/icons\/arrow_check.png\" \/><\/li>\n<li class=\"four\"><img decoding=\"async\" alt=\"\" src=\"http:\/\/demoimages.templatesquare.com\/img-wordpress-quickhost\/icons\/arrow_check.png\" \/><\/li>\n<\/ul>\n<ul class=\"tbl-odd\">\n<li class=\"one\"><span class=\"arr\">Dise\u00f1o de Campa\u00f1as en FB\/Twitter<br \/>\n<\/span><\/li>\n<li class=\"two\"><img decoding=\"async\" alt=\"\" src=\"http:\/\/demoimages.templatesquare.com\/img-wordpress-quickhost\/icons\/x.png\" \/><\/li>\n<li class=\"three\"><img decoding=\"async\" alt=\"\" src=\"http:\/\/demoimages.templatesquare.com\/img-wordpress-quickhost\/icons\/arrow_check.png\" \/><\/li>\n<li class=\"four\"><img decoding=\"async\" alt=\"\" src=\"http:\/\/demoimages.templatesquare.com\/img-wordpress-quickhost\/icons\/arrow_check.png\" \/><\/li>\n<\/ul>\n<ul class=\"tbl-even noborder\">\n<li class=\"one\"><\/li>\n<li class=\"two\"><a class=\"button\" href=\"https:\/\/keypack.com.mx\/?page_id=579\">Read more<\/a><\/li>\n<li class=\"three\"><a class=\"button\" href=\"https:\/\/keypack.com.mx\/?page_id=581\">Read more<\/a><\/li>\n<li class=\"four\"><a class=\"button\" href=\"https:\/\/keypack.com.mx\/?page_id=583\">Read more<\/a><\/li>\n<\/ul>\n<\/div>\n<p>[separator line=yes]<\/p>\n<p>[two_third class=\u00bbfirstcols\u00bb]<br \/>\n[one_third class=\u00bbfirstcols\u00bb]<\/p>\n<h4><img decoding=\"async\" class=\"alignleft\" alt=\"\" src=\"https:\/\/keypack.com.mx\/wp-content\/uploads\/2014\/01\/correo.png\" \/>Correo Electronico<\/h4>\n<p>Creaci\u00f3n y desarrollo de Correo electr\u00f3nico[\/one_third][one_third]<\/p>\n<h4><img decoding=\"async\" class=\"alignleft\" alt=\"\" src=\"http:\/\/demoimages.templatesquare.com\/img-wordpress-quickhost\/icons\/icon2.png\" \/>Soporte<\/h4>\n<p>Mantenimiento y soporte t\u00e9cnico en l\u00ednea as 24hrs[\/one_third][one_third class=\u00bblastcols\u00bb]<\/p>\n<h4><img decoding=\"async\" class=\"alignleft\" alt=\"\" src=\"http:\/\/demoimages.templatesquare.com\/img-wordpress-quickhost\/icons\/icon3.png\" \/>Procesos<\/h4>\n<p>Alineaci\u00f3n de procesos[\/one_third][separator][one_third class=\u00bbfirstcols\u00bb]<\/p>\n<h4><img decoding=\"async\" class=\"alignleft\" alt=\"\" src=\"https:\/\/keypack.com.mx\/wp-content\/uploads\/2014\/01\/ssistemas.png\" \/>Sistemas<\/h4>\n<p>Desarrollo e implementaci\u00f3n de sistemas de acuerdo a necesidades espec\u00edficas[\/one_third][one_third]<\/p>\n<h4><img decoding=\"async\" class=\"alignleft\" alt=\"\" src=\"http:\/\/demoimages.templatesquare.com\/img-wordpress-quickhost\/icons\/icon5.png\" \/>Facturaci\u00f3n Electr\u00f3nica<\/h4>\n<p>Asesor\u00eda e integraci\u00f3n del servicio de facturaci\u00f3n electr\u00f3nica.[\/one_third][one_third class=\u00bblastcols\u00bb]<\/p>\n<h4><img decoding=\"async\" class=\"alignleft\" alt=\"\" src=\"http:\/\/demoimages.templatesquare.com\/img-wordpress-quickhost\/icons\/icon6.png\" \/>Gesti\u00f3n de Calidad<\/h4>\n<p>Gesti\u00f3n de la calidad.[\/one_third][one_third]<\/p>\n<p>[\/two_third]<br \/>\n[one_third class=\u00bblastcols\u00bb]<\/p>\n<h2>Hosting<\/h2>\n<p>[list type=check2]<\/p>\n<p>Distribuidores directos del servicio, lo que permite controlar la configuraci\u00f3n, brindando un soporte efectivo y respuesta inmediata.<\/p>\n<h2>Dominio<\/h2>\n<p>[list type=check2]<\/p>\n<p>Distribuidores oficiales de la empresa reguladora de Dominios.<\/p>\n<h2>Google Enterprise<\/h2>\n<p>[list type=check2]<\/p>\n<p>Manejo eficiente de cuentas de correo a nivel empresarial.<br \/>\n[\/list]<br \/>\n[\/one_third]<\/p>\n<h2 style=\"text-align: center;\">Con qui\u00e9nes trabajamos?<\/h2>\n<p>[one_fourth class=\u00bbfirstcols\u00bb]<br \/>\n[list]<\/p>\n<p><img loading=\"lazy\" decoding=\"async\" class=\"alignnone size-full wp-image-775\" alt=\"Elis-Consulting\" src=\"https:\/\/keypack.com.mx\/wp-content\/uploads\/2014\/01\/Elis-Consulting.png\" width=\"190\" height=\"71\" \/><\/p>\n<p>[\/list]<br \/>\n[\/one_fourth]<\/p>\n<p>[one_fourth]<br \/>\n[list type=plus]<\/p>\n<p><img loading=\"lazy\" decoding=\"async\" class=\"alignnone size-full wp-image-776\" alt=\"integra\" src=\"https:\/\/keypack.com.mx\/wp-content\/uploads\/2014\/01\/integra.png\" width=\"190\" height=\"71\" \/><\/p>\n<p>[\/list]<br \/>\n[\/one_fourth]<\/p>\n<p>[one_fourth]<br \/>\n[list type=down]<\/p>\n<p><img loading=\"lazy\" decoding=\"async\" class=\"alignnone size-full wp-image-777\" alt=\"Neta system\" src=\"https:\/\/keypack.com.mx\/wp-content\/uploads\/2014\/01\/Neta-system.png\" width=\"191\" height=\"72\" \/><\/p>\n<p>[\/list]<br \/>\n[\/one_fourth]<\/p>\n<p>[one_fourth class=\u00bblastcols\u00bb]<br \/>\n[list type=cross]<\/p>\n<p><img loading=\"lazy\" decoding=\"async\" class=\"alignnone size-full wp-image-778\" alt=\"omegas_blanco\" src=\"https:\/\/keypack.com.mx\/wp-content\/uploads\/2014\/01\/omegas_blanco.png\" width=\"190\" height=\"71\" \/><\/p>\n<p>[\/list]<br \/>\n[\/one_fourth][separator line=yes]<\/p>\n<h2 style=\"text-align: center;\">Member \/ Partner \/ Distributor \/ Certified<\/h2>\n<p>[one_fourth class=\u00bbfirstcols\u00bb]<br \/>\n[list]<\/p>\n<p><img loading=\"lazy\" decoding=\"async\" class=\"alignnone size-full wp-image-779\" alt=\"nyce\" src=\"https:\/\/keypack.com.mx\/wp-content\/uploads\/2014\/01\/nyce.png\" width=\"190\" height=\"71\" \/><\/p>\n<p><img loading=\"lazy\" decoding=\"async\" class=\"alignnone  wp-image-783\" alt=\"iso 27001.1.2\" src=\"https:\/\/keypack.com.mx\/wp-content\/uploads\/2014\/01\/iso-27001.1.2.png\" width=\"190\" height=\"71\" \/><\/p>\n<p>[\/list]<br \/>\n[\/one_fourth]<\/p>\n<p>[one_fourth]<br \/>\n[list type=plus]<\/p>\n<p><img loading=\"lazy\" decoding=\"async\" class=\"alignnone size-full wp-image-780\" alt=\"ICREA1.2\" src=\"https:\/\/keypack.com.mx\/wp-content\/uploads\/2014\/01\/ICREA1.2.png\" width=\"190\" height=\"71\" \/><\/p>\n<p><img loading=\"lazy\" decoding=\"async\" class=\"alignnone size-full wp-image-784\" alt=\"pmi1.2\" src=\"https:\/\/keypack.com.mx\/wp-content\/uploads\/2014\/01\/pmi1.2.png\" width=\"190\" height=\"71\" \/><\/p>\n<p>[\/list]<br \/>\n[\/one_fourth]<\/p>\n<p>[one_fourth]<br \/>\n[list type=down]<\/p>\n<p><img loading=\"lazy\" decoding=\"async\" class=\"alignnone size-full wp-image-781\" alt=\"microsoft authorized reseller1.2\" src=\"https:\/\/keypack.com.mx\/wp-content\/uploads\/2014\/01\/microsoft-authorized-reseller1.2.png\" width=\"190\" height=\"71\" \/><\/p>\n<p><img loading=\"lazy\" decoding=\"async\" class=\"alignnone size-full wp-image-785\" alt=\"Google apps authorized reseller1.2\" src=\"https:\/\/keypack.com.mx\/wp-content\/uploads\/2014\/01\/Google-apps-authorized-reseller1.2.png\" width=\"190\" height=\"71\" \/><\/p>\n<p>[\/list]<br \/>\n[\/one_fourth]<\/p>\n<p>[one_fourth class=\u00bblastcols\u00bb]<br \/>\n[list type=cross]<\/p>\n<p><img loading=\"lazy\" decoding=\"async\" class=\"alignnone size-full wp-image-782\" alt=\"microsoft partner network1.2\" src=\"https:\/\/keypack.com.mx\/wp-content\/uploads\/2014\/01\/microsoft-partner-network1.2.png\" width=\"190\" height=\"71\" \/><\/p>\n<p>[\/list]<br \/>\n[\/one_fourth]<\/p>\n","protected":false},"excerpt":{"rendered":"<p>Creamos paquetes tecnol\u00f3gicos y administrativos a la medida de tus necesidades para que no tengas que preocuparte por nada Nuestros paquetes Paquete B\u00e1sico Paquete Plus Paquete Premium $4000 $6000 $8000 Correo Configuraci\u00f3n local en outlook Dise\u00f1o de Campa\u00f1as en FB\/Twitter Read more Read more Read more [separator line=yes] [two_third class=\u00bbfirstcols\u00bb] [one_third class=\u00bbfirstcols\u00bb] Correo Electronico Creaci\u00f3n [&hellip;]<\/p>\n","protected":false},"author":2,"featured_media":0,"parent":0,"menu_order":0,"comment_status":"closed","ping_status":"closed","template":"page-nosidebar.php","meta":{"footnotes":""},"class_list":["post-492","page","type-page","status-publish","hentry"],"_links":{"self":[{"href":"https:\/\/keypack.com.mx\/index.php?rest_route=\/wp\/v2\/pages\/492","targetHints":{"allow":["GET"]}}],"collection":[{"href":"https:\/\/keypack.com.mx\/index.php?rest_route=\/wp\/v2\/pages"}],"about":[{"href":"https:\/\/keypack.com.mx\/index.php?rest_route=\/wp\/v2\/types\/page"}],"author":[{"embeddable":true,"href":"https:\/\/keypack.com.mx\/index.php?rest_route=\/wp\/v2\/users\/2"}],"replies":[{"embeddable":true,"href":"https:\/\/keypack.com.mx\/index.php?rest_route=%2Fwp%2Fv2%2Fcomments&post=492"}],"version-history":[{"count":89,"href":"https:\/\/keypack.com.mx\/index.php?rest_route=\/wp\/v2\/pages\/492\/revisions"}],"predecessor-version":[{"id":843,"href":"https:\/\/keypack.com.mx\/index.php?rest_route=\/wp\/v2\/pages\/492\/revisions\/843"}],"wp:attachment":[{"href":"https:\/\/keypack.com.mx\/index.php?rest_route=%2Fwp%2Fv2%2Fmedia&parent=492"}],"curies":[{"name":"wp","href":"https:\/\/api.w.org\/{rel}","templated":true}]}}